{"id":1013,"date":"2024-04-16T19:27:36","date_gmt":"2024-04-16T17:27:36","guid":{"rendered":"https:\/\/www.aromarestaurante.es\/galleri\/"},"modified":"2024-04-17T07:30:12","modified_gmt":"2024-04-17T05:30:12","slug":"galleri","status":"publish","type":"page","link":"https:\/\/www.aromarestaurante.es\/no\/galleri\/","title":{"rendered":"Galleri"},"content":{"rendered":"<p>[et_pb_section fb_built=&raquo;1&#8243; admin_label=&raquo;Header&raquo; _builder_version=&raquo;4.24.2&#8243; _module_preset=&raquo;default&raquo; use_background_color_gradient=&raquo;on&raquo; background_color_gradient_stops=&raquo;rgba(0,0,0,0.5) 0%|rgba(0,0,0,0.5) 100%&raquo; background_color_gradient_overlays_image=&raquo;on&raquo; background_image=&raquo;http:\/\/aromarestaurante.es\/wp-content\/uploads\/2024\/03\/aroma-restaurant-fuengirola.jpg&raquo; custom_padding=&raquo;|10%||10%|false|true&raquo; locked=&raquo;off&raquo; collapsed=&raquo;off&raquo; global_colors_info=&raquo;{}&raquo;][et_pb_row _builder_version=&raquo;4.24.1&#8243; _module_preset=&raquo;default&raquo; width=&raquo;100%&raquo; max_width=&raquo;2000px&raquo; global_colors_info=&raquo;{}&raquo;][et_pb_column type=&raquo;4_4&#8243; _builder_version=&raquo;4.24.1&#8243; _module_preset=&raquo;default&raquo; global_colors_info=&raquo;{}&raquo;][et_pb_text _builder_version=&raquo;4.24.3&#8243; _module_preset=&raquo;8013eb6d-87c2-465f-bddb-38c770bf2d60&#8243; header_text_color=&raquo;#FFFFFF&raquo; text_orientation=&raquo;center&raquo; custom_margin=&raquo;||10px||false|false&raquo; global_colors_info=&raquo;{}&raquo;]<\/p>\n<h1>Galleri<\/h1>\n<p>[\/et_pb_text][\/et_pb_column][\/et_pb_row][\/et_pb_section][et_pb_section fb_built=&raquo;1&#8243; _builder_version=&raquo;4.24.3&#8243; _module_preset=&raquo;default&raquo; custom_padding=&raquo;0px||0px||true|false&raquo; global_colors_info=&raquo;{}&raquo;][et_pb_row use_custom_gutter=&raquo;on&raquo; gutter_width=&raquo;1&#8243; _builder_version=&raquo;4.24.3&#8243; _module_preset=&raquo;default&raquo; global_colors_info=&raquo;{}&raquo;][et_pb_column type=&raquo;4_4&#8243; _builder_version=&raquo;4.24.3&#8243; _module_preset=&raquo;default&raquo; global_colors_info=&raquo;{}&raquo;][et_pb_gallery gallery_ids=&raquo;963,969,957,951,975,921,927,933,939,945,981,991&#8243; posts_number=&raquo;8&#8243; show_title_and_caption=&raquo;off&raquo; _builder_version=&raquo;4.24.3&#8243; _module_preset=&raquo;default&raquo; custom_padding=&raquo;2vw|2px|2vw|2px|true|true&raquo; border_width_all=&raquo;5px&raquo; border_color_all=&raquo;RGBA(255,255,255,0)&raquo; global_colors_info=&raquo;{}&raquo;][\/et_pb_gallery][\/et_pb_column][\/et_pb_row][\/et_pb_section][et_pb_section fb_built=&raquo;1&#8243; admin_label=&raquo;Call to Action&raquo; _builder_version=&raquo;4.24.2&#8243; _module_preset=&raquo;default&raquo; use_background_color_gradient=&raquo;on&raquo; background_color_gradient_type=&raquo;circular&raquo; background_color_gradient_stops=&raquo;rgba(0,0,0,0.5) 0%|#000000 100%&raquo; background_color_gradient_overlays_image=&raquo;on&raquo; background_image=&raquo;http:\/\/aromarestaurante.es\/wp-content\/uploads\/2024\/03\/fine-dining-23.jpg&raquo; parallax=&raquo;on&raquo; custom_padding=&raquo;8%||8%||true|false&raquo; locked=&raquo;off&raquo; collapsed=&raquo;on&raquo; global_colors_info=&raquo;{}&raquo;][et_pb_row _builder_version=&raquo;4.24.1&#8243; _module_preset=&raquo;default&raquo; max_width=&raquo;800px&raquo; global_colors_info=&raquo;{}&raquo;][et_pb_column type=&raquo;4_4&#8243; _builder_version=&raquo;4.24.1&#8243; _module_preset=&raquo;default&raquo; global_colors_info=&raquo;{}&raquo;][et_pb_text _builder_version=&raquo;4.24.1&#8243; _module_preset=&raquo;7bc37b37-e35b-4172-9f79-725b1742ef89&#8243; header_2_text_color=&raquo;#FFFFFF&raquo; text_orientation=&raquo;center&raquo; global_colors_info=&raquo;{}&raquo;]<\/p>\n<h2>Vi ser frem til \u00e5 hjelpe deg!<\/h2>\n<p>[\/et_pb_text][et_pb_button button_url=&raquo;https:\/\/www.aromarestaurante.es\/no\/reservasjoner\/&raquo; button_text=&raquo;Bestill bord&raquo; button_alignment=&raquo;center&raquo; _builder_version=&raquo;4.24.3&#8243; _module_preset=&raquo;2b821f52-42a8-4b3b-a990-20a2e71fa9d1&#8243; global_colors_info=&raquo;{}&raquo;][\/et_pb_button][\/et_pb_column][\/et_pb_row][\/et_pb_section][et_pb_section fb_built=&raquo;1&#8243; admin_label=&raquo;Footer English&raquo; _builder_version=&raquo;4.24.1&#8243; _module_preset=&raquo;default&raquo; background_color=&raquo;#000000&#8243; custom_padding=&raquo;|10%||10%|false|true&raquo; global_module=&raquo;67&#8243; saved_tabs=&raquo;all&raquo; locked=&raquo;off&raquo; collapsed=&raquo;on&raquo; global_colors_info=&raquo;{}&raquo;][et_pb_row column_structure=&raquo;1_3,1_3,1_3&#8243; _builder_version=&raquo;4.24.2&#8243; _module_preset=&raquo;default&raquo; width=&raquo;100%&raquo; max_width=&raquo;2000px&raquo; global_colors_info=&raquo;{}&raquo;][et_pb_column type=&raquo;1_3&#8243; _builder_version=&raquo;4.24.1&#8243; _module_preset=&raquo;default&raquo; global_colors_info=&raquo;{}&raquo;][et_pb_text _builder_version=&raquo;4.24.2&#8243; _module_preset=&raquo;140db9a1-f33f-4aeb-80c3-7d361d7791d4&#8243; header_4_text_color=&raquo;#FFFFFF&raquo; custom_margin=&raquo;||10px||false|false&raquo; text_orientation_tablet=&raquo;center&raquo; text_orientation_phone=&raquo;center&raquo; text_orientation_last_edited=&raquo;on|tablet&raquo; global_colors_info=&raquo;{}&raquo;]<\/p>\n<h4><strong>AROMA<\/strong><\/h4>\n<p>[\/et_pb_text][et_pb_text quote_border_color=&raquo;#FFFFFF&raquo; _builder_version=&raquo;4.24.2&#8243; _module_preset=&raquo;96b88f53-c8be-4388-a463-e3841af03fa0&#8243; text_text_color=&raquo;#FFFFFF&raquo; link_text_color=&raquo;#FFFFFF&raquo; quote_text_color=&raquo;#FFFFFF&raquo; text_orientation_tablet=&raquo;center&raquo; text_orientation_phone=&raquo;center&raquo; text_orientation_last_edited=&raquo;on|tablet&raquo; global_colors_info=&raquo;{}&raquo;]+34 689 47 16 97[\/et_pb_text][et_pb_code _builder_version=&raquo;4.24.3&#8243; _module_preset=&raquo;default&raquo; custom_css_free_form=&raquo;@media screen and (max-width: 980px) {||selector div#CDSRATINGWIDGET545 {||margin: 0 auto;||}||}&raquo; global_colors_info=&raquo;{}&raquo;]<\/p>\n<div id=\"TA_cdsratingsonlynarrow545\" class=\"TA_cdsratingsonlynarrow\">\n<ul id=\"al2u7sj1Y2\" class=\"TA_links ESv670nDeZ9\">\n<li id=\"nFbUC0ACT6GR\" class=\"NSZaGfHC\"><a target=\"_blank\" href=\"https:\/\/www.tripadvisor.co.uk\/Restaurant_Review-g315915-d850600-Reviews-Restaurant_Aroma-Fuengirola_Costa_del_Sol_Province_of_Malaga_Andalucia.html\" rel=\"noopener\"><img decoding=\"async\" src=\"https:\/\/www.tripadvisor.co.uk\/img\/cdsi\/img2\/branding\/v2\/Tripadvisor_lockup_horizontal_secondary_registered-18034-2.svg\" alt=\"TripAdvisor\"><\/a><\/li>\n<\/ul>\n<\/div>\n<p><script async=\"\" src=\"https:\/\/www.jscache.com\/wejs?wtype=cdsratingsonlynarrow&amp;uniq=545&amp;locationId=850600&amp;lang=en_UK&amp;border=true&amp;shadow=false&amp;backgroundColor=gray&amp;display_version=2\" data-loadtrk=\"\" onload=\"this.loadtrk=true\"><\/script>[\/et_pb_code][\/et_pb_column][et_pb_column type=&raquo;1_3&#8243; _builder_version=&raquo;4.24.1&#8243; _module_preset=&raquo;default&raquo; global_colors_info=&raquo;{}&raquo;][et_pb_text _builder_version=&raquo;4.24.2&#8243; _module_preset=&raquo;eb3bb869-5fbf-4005-aee1-489f3c510769&#8243; header_5_text_color=&raquo;#FFFFFF&raquo; text_orientation=&raquo;center&raquo; global_colors_info=&raquo;{}&raquo;]<\/p>\n<h5>Calle Moncayo, 21-23<br \/>\n29640 Fuengirola, M\u00e1laga<\/h5>\n<p>[\/et_pb_text][et_pb_text _builder_version=&raquo;4.24.2&#8243; _module_preset=&raquo;eb3bb869-5fbf-4005-aee1-489f3c510769&#8243; header_5_text_color=&raquo;#FFFFFF&raquo; text_orientation=&raquo;center&raquo; global_colors_info=&raquo;{}&raquo;]<\/p>\n<h5>Tirsdag-s\u00f8ndag<\/h5>\n<h5>15:00h-23:00h<\/h5>\n<h5>Mandag stengt<\/h5>\n<p>[\/et_pb_text][\/et_pb_column][et_pb_column type=&raquo;1_3&#8243; _builder_version=&raquo;4.24.1&#8243; _module_preset=&raquo;default&raquo; global_colors_info=&raquo;{}&raquo;][et_pb_text _builder_version=&raquo;4.24.3&#8243; _module_preset=&raquo;eb3bb869-5fbf-4005-aee1-489f3c510769&#8243; link_font=&raquo;||||on||||&raquo; header_5_text_color=&raquo;#FFFFFF&raquo; text_orientation=&raquo;right&raquo; custom_margin=&raquo;||10px||false|false&raquo; text_orientation_tablet=&raquo;center&raquo; text_orientation_phone=&raquo;center&raquo; text_orientation_last_edited=&raquo;on|tablet&raquo; locked=&raquo;off&raquo; global_colors_info=&raquo;{}&raquo;]<\/p>\n<h5><a href=\"mailto:admin@aromarestaurante.es\">admin@aromarestaurante.es<\/a><\/h5>\n<p>[\/et_pb_text][et_pb_social_media_follow _builder_version=&raquo;4.24.2&#8243; _module_preset=&raquo;default&raquo; text_orientation=&raquo;right&raquo; text_orientation_tablet=&raquo;center&raquo; text_orientation_phone=&raquo;center&raquo; text_orientation_last_edited=&raquo;on|tablet&raquo; global_colors_info=&raquo;{}&raquo;][et_pb_social_media_follow_network social_network=&raquo;facebook&raquo; url=&raquo;https:\/\/www.facebook.com\/restaurantaromafuengirola&raquo; _builder_version=&raquo;4.24.2&#8243; _module_preset=&raquo;default&raquo; global_colors_info=&raquo;{}&raquo;]facebook[\/et_pb_social_media_follow_network][et_pb_social_media_follow_network social_network=&raquo;instagram&raquo; url=&raquo;https:\/\/www.instagram.com\/aroma_restaurant_fuengirola\/&raquo; _builder_version=&raquo;4.24.2&#8243; _module_preset=&raquo;default&raquo; global_colors_info=&raquo;{}&raquo;]instagram[\/et_pb_social_media_follow_network][\/et_pb_social_media_follow][\/et_pb_column][\/et_pb_row][\/et_pb_section]<\/p>\n","protected":false},"excerpt":{"rendered":"<p>GalleriVi ser frem til \u00e5 hjelpe deg!AROMA+34 689 47 16 97Calle Moncayo, 21-23 29640 Fuengirola, M\u00e1lagaTirsdag-s\u00f8ndag 15:00h-23:00h Mandag stengtadmin@aromarestaurante.es<\/p>\n","protected":false},"author":2,"featured_media":0,"parent":0,"menu_order":0,"comment_status":"closed","ping_status":"closed","template":"","meta":{"_et_pb_use_builder":"on","_et_pb_old_content":"","_et_gb_content_width":"","footnotes":""},"class_list":["post-1013","page","type-page","status-publish","hentry"],"_links":{"self":[{"href":"https:\/\/www.aromarestaurante.es\/no\/wp-json\/wp\/v2\/pages\/1013","targetHints":{"allow":["GET"]}}],"collection":[{"href":"https:\/\/www.aromarestaurante.es\/no\/wp-json\/wp\/v2\/pages"}],"about":[{"href":"https:\/\/www.aromarestaurante.es\/no\/wp-json\/wp\/v2\/types\/page"}],"author":[{"embeddable":true,"href":"https:\/\/www.aromarestaurante.es\/no\/wp-json\/wp\/v2\/users\/2"}],"replies":[{"embeddable":true,"href":"https:\/\/www.aromarestaurante.es\/no\/wp-json\/wp\/v2\/comments?post=1013"}],"version-history":[{"count":5,"href":"https:\/\/www.aromarestaurante.es\/no\/wp-json\/wp\/v2\/pages\/1013\/revisions"}],"predecessor-version":[{"id":1018,"href":"https:\/\/www.aromarestaurante.es\/no\/wp-json\/wp\/v2\/pages\/1013\/revisions\/1018"}],"wp:attachment":[{"href":"https:\/\/www.aromarestaurante.es\/no\/wp-json\/wp\/v2\/media?parent=1013"}],"curies":[{"name":"wp","href":"https:\/\/api.w.org\/{rel}","templated":true}]}}