{"id":508,"date":"2024-03-20T19:23:35","date_gmt":"2024-03-20T18:23:35","guid":{"rendered":"https:\/\/www.aromarestaurante.es\/erik-iveta\/"},"modified":"2024-04-12T08:12:12","modified_gmt":"2024-04-12T06:12:12","slug":"erik-iveta","status":"publish","type":"page","link":"https:\/\/www.aromarestaurante.es\/da\/erik-iveta\/","title":{"rendered":"Erik &amp; Iveta"},"content":{"rendered":"<p>[et_pb_section fb_built=&#8221;1&#8243; admin_label=&#8221;Header&#8221; _builder_version=&#8221;4.24.2&#8243; _module_preset=&#8221;default&#8221; use_background_color_gradient=&#8221;on&#8221; background_color_gradient_stops=&#8221;rgba(0,0,0,0.5) 0%|rgba(0,0,0,0.5) 100%&#8221; background_color_gradient_overlays_image=&#8221;on&#8221; background_image=&#8221;http:\/\/aromarestaurante.es\/wp-content\/uploads\/2024\/03\/fine-dining-16.jpg&#8221; parallax=&#8221;on&#8221; custom_padding=&#8221;8%||8%||true|false&#8221; locked=&#8221;off&#8221; collapsed=&#8221;on&#8221; global_colors_info=&#8221;{}&#8221;][et_pb_row _builder_version=&#8221;4.24.2&#8243; _module_preset=&#8221;default&#8221; width=&#8221;90%&#8221; max_width=&#8221;900px&#8221; global_colors_info=&#8221;{}&#8221;][et_pb_column type=&#8221;4_4&#8243; _builder_version=&#8221;4.24.1&#8243; _module_preset=&#8221;default&#8221; global_colors_info=&#8221;{}&#8221;][et_pb_text _builder_version=&#8221;4.24.1&#8243; _module_preset=&#8221;7eeb0fa4-695f-4c14-bc3c-8b6f5ea1e918&#8243; header_text_color=&#8221;#FFFFFF&#8221; text_orientation=&#8221;center&#8221; custom_margin=&#8221;||10px||false|false&#8221; global_colors_info=&#8221;{}&#8221;]<\/p>\n<h1>Om os<\/h1>\n<p>[\/et_pb_text][et_pb_text quote_border_color=&#8221;#FFFFFF&#8221; _builder_version=&#8221;4.24.2&#8243; _module_preset=&#8221;df52a0a2-9bc7-4543-bfed-1ba34e916551&#8243; text_font=&#8221;Arial|||on|||||&#8221; text_text_color=&#8221;#FFFFFF&#8221; link_text_color=&#8221;#FFFFFF&#8221; quote_text_color=&#8221;#FFFFFF&#8221; text_orientation=&#8221;center&#8221; module_alignment=&#8221;center&#8221; global_colors_info=&#8221;{}&#8221;]<\/p>\n<p>Iveta og Erik er en international familie, der er flyttet til Spanien efter tre \u00e5rtier i Stockholm. Vi er en husholdning, der gennemsyrer enhver kulinarisk kreation med k\u00e6rlighed.<\/p>\n<p>[\/et_pb_text][\/et_pb_column][\/et_pb_row][\/et_pb_section][et_pb_section fb_built=&#8221;1&#8243; _builder_version=&#8221;4.24.2&#8243; _module_preset=&#8221;default&#8221; custom_padding=&#8221;10vw||||false|false&#8221; global_colors_info=&#8221;{}&#8221;][et_pb_row column_structure=&#8221;1_2,1_2&#8243; _builder_version=&#8221;4.24.2&#8243; _module_preset=&#8221;default&#8221; width=&#8221;90%&#8221; max_width=&#8221;2000px&#8221; global_colors_info=&#8221;{}&#8221;][et_pb_column type=&#8221;1_2&#8243; _builder_version=&#8221;4.24.2&#8243; _module_preset=&#8221;default&#8221; global_colors_info=&#8221;{}&#8221;][et_pb_image src=&#8221;http:\/\/aromarestaurante.es\/wp-content\/uploads\/2024\/04\/ukio.jpg&#8221; title_text=&#8221;ukio&#8221; _builder_version=&#8221;4.24.2&#8243; _module_preset=&#8221;default&#8221; locked=&#8221;off&#8221; global_colors_info=&#8221;{}&#8221;][\/et_pb_image][\/et_pb_column][et_pb_column type=&#8221;1_2&#8243; _builder_version=&#8221;4.24.2&#8243; _module_preset=&#8221;default&#8221; global_colors_info=&#8221;{}&#8221;][et_pb_text _builder_version=&#8221;4.24.2&#8243; _module_preset=&#8221;4be86d27-c7c4-4523-841e-783b629c2ece&#8221; max_width=&#8221;440px&#8221; locked=&#8221;off&#8221; global_colors_info=&#8221;{}&#8221;]Erik, der kommer fra Indien, har en uddannelse i f\u00f8devareteknologi og har forfinet sine f\u00e6rdigheder i Sverige, hvor han mestrede kunsten at indk\u00f8be og h\u00e5ndtere f\u00f8rsteklasses ingredienser.<\/p>\n<p>Iveta, der er f\u00f8dt i Letland, bidrager med sin ekspertise i at blande det traditionelle europ\u00e6iske k\u00f8kken med innovative fusionsteknikker.<\/p>\n<p>I vores k\u00f8kken bliver hver ret tilberedt med en overflod af k\u00e6rlighed, som afspejler vores passion for det kulinariske h\u00e5ndv\u00e6rk.<\/p>\n<p>Vi inviterer b\u00e5de nye og tilbagevendende g\u00e6ster til at smage p\u00e5 vores gamle tilberedningsmetoder. Lad vores dedikerede team levere uovertruffen service og omhyggelig opm\u00e6rksomhed p\u00e5 detaljer under dit bes\u00f8g.[\/et_pb_text][\/et_pb_column][\/et_pb_row][\/et_pb_section][et_pb_section fb_built=&#8221;1&#8243; admin_label=&#8221;Our Story&#8221; _builder_version=&#8221;4.24.1&#8243; _module_preset=&#8221;default&#8221; locked=&#8221;off&#8221; collapsed=&#8221;on&#8221; global_colors_info=&#8221;{}&#8221;][et_pb_row _builder_version=&#8221;4.24.2&#8243; _module_preset=&#8221;default&#8221; global_colors_info=&#8221;{}&#8221;][et_pb_column type=&#8221;4_4&#8243; _builder_version=&#8221;4.24.1&#8243; _module_preset=&#8221;default&#8221; global_colors_info=&#8221;{}&#8221;][et_pb_text _builder_version=&#8221;4.24.1&#8243; _module_preset=&#8221;61cf512c-946e-4ed0-b397-a0025d92b1d1&#8243; custom_margin=&#8221;||10px||false|false&#8221; global_colors_info=&#8221;{}&#8221;]<\/p>\n<h2>Vores historie<\/h2>\n<p>[\/et_pb_text][et_pb_text _builder_version=&#8221;4.24.2&#8243; _module_preset=&#8221;4be86d27-c7c4-4523-841e-783b629c2ece&#8221; global_colors_info=&#8221;{}&#8221;]<\/p>\n<p>AROMA er indbegrebet af essensen af Fuengirolas kulinariske scene. Vores restaurant er f\u00f8dt af en dybf\u00f8lt k\u00e6rlighed til byens mangfoldige smagsoplevelser og rige kulturarv og er et vidnesbyrd om den levende gastronomiske gobelin, der definerer Andalusien. Inspireret af de travle markeder, eklektiske kvarterer og den dynamiske madkultur satte vi os for at skabe en spiseoplevelse, der hylder byens ikoniske retter og samtidig skubber til gr\u00e6nserne for kulinarisk innovation.<\/p>\n<p>Fra det \u00f8jeblik, du tr\u00e6der ind ad vores d\u00f8re, kommer du p\u00e5 en kulinarisk rejse gennem hjertet af Fuengirola. Hver ret p\u00e5 vores menu er et k\u00e6rlighedsarbejde, der er omhyggeligt udformet for at fremh\u00e6ve de fineste lokale ingredienser og smage. Uanset om det er vores ikoniske middelhavsmad eller de friske r\u00e5varer fra de n\u00e6rliggende g\u00e5rde, fort\u00e6ller hver ingrediens en historie om kvalitet, autenticitet og en dybt rodf\u00e6stet forbindelse til jorden. P\u00e5 AROMA inviterer vi dig til at nyde smagen af Andalusien, til at fork\u00e6le dig selv med den passion og kreativitet, der former vores menu.<\/p>\n<p>Fra vores varme g\u00e6stfrihed til vores engagement i b\u00e6redygtighed og f\u00e6llesskab er AROMA mere end bare en restaurant &#8211; det er et samlingssted, hvor venner, familie og madelskere m\u00f8des for at dele gl\u00e6den ved god mad og godt selskab. V\u00e6r med, n\u00e5r vi skriver det n\u00e6ste kapitel i vores historie, og lad smagene fra Med inspirere dine sanser og s\u00e6tte gang i din kulinariske fantasi.<\/p>\n<p>[\/et_pb_text][\/et_pb_column][\/et_pb_row][\/et_pb_section][et_pb_section fb_built=&#8221;1&#8243; admin_label=&#8221;Call to Action&#8221; _builder_version=&#8221;4.24.2&#8243; _module_preset=&#8221;default&#8221; use_background_color_gradient=&#8221;on&#8221; background_color_gradient_type=&#8221;circular&#8221; background_color_gradient_stops=&#8221;rgba(0,0,0,0.5) 0%|#000000 100%&#8221; background_color_gradient_overlays_image=&#8221;on&#8221; background_image=&#8221;http:\/\/aromarestaurante.es\/wp-content\/uploads\/2024\/04\/ghyu.jpg&#8221; parallax=&#8221;on&#8221; custom_padding=&#8221;8%||8%||true|false&#8221; locked=&#8221;off&#8221; collapsed=&#8221;on&#8221; global_colors_info=&#8221;{}&#8221;][et_pb_row _builder_version=&#8221;4.24.1&#8243; _module_preset=&#8221;default&#8221; max_width=&#8221;800px&#8221; global_colors_info=&#8221;{}&#8221;][et_pb_column type=&#8221;4_4&#8243; _builder_version=&#8221;4.24.1&#8243; _module_preset=&#8221;default&#8221; global_colors_info=&#8221;{}&#8221;][et_pb_text _builder_version=&#8221;4.24.2&#8243; _module_preset=&#8221;61cf512c-946e-4ed0-b397-a0025d92b1d1&#8243; header_2_text_color=&#8221;#FFFFFF&#8221; text_orientation=&#8221;center&#8221; global_colors_info=&#8221;{}&#8221;]<\/p>\n<h2>Genopfindelse af middelhavsbordet Dining<\/h2>\n<p>[\/et_pb_text][et_pb_button button_url=&#8221;https:\/\/www.aromarestaurante.es\/da\/reservationer\/&#8221; button_text=&#8221;Book et bord&#8221; button_alignment=&#8221;center&#8221; _builder_version=&#8221;4.24.3&#8243; _module_preset=&#8221;1637d62c-4510-4bc3-9f89-3603c75ae6f2&#8243; hover_enabled=&#8221;0&#8243; global_colors_info=&#8221;{}&#8221; sticky_enabled=&#8221;0&#8243;][\/et_pb_button][\/et_pb_column][\/et_pb_row][\/et_pb_section][et_pb_section fb_built=&#8221;1&#8243; admin_label=&#8221;Footer English&#8221; _builder_version=&#8221;4.24.1&#8243; _module_preset=&#8221;default&#8221; background_color=&#8221;#000000&#8243; custom_padding=&#8221;|10%||10%|false|true&#8221; global_module=&#8221;67&#8243; saved_tabs=&#8221;all&#8221; locked=&#8221;off&#8221; collapsed=&#8221;off&#8221; global_colors_info=&#8221;{}&#8221;][et_pb_row column_structure=&#8221;1_3,1_3,1_3&#8243; _builder_version=&#8221;4.24.2&#8243; _module_preset=&#8221;default&#8221; width=&#8221;100%&#8221; max_width=&#8221;2000px&#8221; global_colors_info=&#8221;{}&#8221;][et_pb_column type=&#8221;1_3&#8243; _builder_version=&#8221;4.24.1&#8243; _module_preset=&#8221;default&#8221; global_colors_info=&#8221;{}&#8221;][et_pb_text _builder_version=&#8221;4.24.2&#8243; _module_preset=&#8221;140db9a1-f33f-4aeb-80c3-7d361d7791d4&#8243; header_4_text_color=&#8221;#FFFFFF&#8221; custom_margin=&#8221;||10px||false|false&#8221; text_orientation_tablet=&#8221;center&#8221; text_orientation_phone=&#8221;center&#8221; text_orientation_last_edited=&#8221;on|tablet&#8221; global_colors_info=&#8221;{}&#8221;]<\/p>\n<h4><strong>AROMA<\/strong><\/h4>\n<p>[\/et_pb_text][et_pb_text quote_border_color=&#8221;#FFFFFF&#8221; _builder_version=&#8221;4.24.2&#8243; _module_preset=&#8221;96b88f53-c8be-4388-a463-e3841af03fa0&#8243; text_text_color=&#8221;#FFFFFF&#8221; link_text_color=&#8221;#FFFFFF&#8221; quote_text_color=&#8221;#FFFFFF&#8221; text_orientation_tablet=&#8221;center&#8221; text_orientation_phone=&#8221;center&#8221; text_orientation_last_edited=&#8221;on|tablet&#8221; global_colors_info=&#8221;{}&#8221;]+34 689 47 16 97[\/et_pb_text][\/et_pb_column][et_pb_column type=&#8221;1_3&#8243; _builder_version=&#8221;4.24.1&#8243; _module_preset=&#8221;default&#8221; global_colors_info=&#8221;{}&#8221;][et_pb_text _builder_version=&#8221;4.24.2&#8243; _module_preset=&#8221;eb3bb869-5fbf-4005-aee1-489f3c510769&#8243; header_5_text_color=&#8221;#FFFFFF&#8221; text_orientation=&#8221;center&#8221; global_colors_info=&#8221;{}&#8221;]<\/p>\n<h5>Calle Moncayo, 21-23<br \/>\n29640 Fuengirola, M\u00e1laga<\/h5>\n<p>[\/et_pb_text][et_pb_text _builder_version=&#8221;4.24.2&#8243; _module_preset=&#8221;eb3bb869-5fbf-4005-aee1-489f3c510769&#8243; header_5_text_color=&#8221;#FFFFFF&#8221; text_orientation=&#8221;center&#8221; global_colors_info=&#8221;{}&#8221;]<\/p>\n<h5>Tirsdag-s\u00f8ndag<\/h5>\n<h5>15:00h-23:00h<\/h5>\n<h5>Mandag Lukket<\/h5>\n<p>[\/et_pb_text][\/et_pb_column][et_pb_column type=&#8221;1_3&#8243; _builder_version=&#8221;4.24.1&#8243; _module_preset=&#8221;default&#8221; global_colors_info=&#8221;{}&#8221;][et_pb_text _builder_version=&#8221;4.24.3&#8243; _module_preset=&#8221;eb3bb869-5fbf-4005-aee1-489f3c510769&#8243; link_font=&#8221;||||on||||&#8221; header_5_text_color=&#8221;#FFFFFF&#8221; text_orientation=&#8221;right&#8221; custom_margin=&#8221;||10px||false|false&#8221; text_orientation_tablet=&#8221;center&#8221; text_orientation_phone=&#8221;center&#8221; text_orientation_last_edited=&#8221;on|tablet&#8221; locked=&#8221;off&#8221; global_colors_info=&#8221;{}&#8221;]<\/p>\n<h5><a href=\"mailto:admin@aromarestaurante.es\">admin@aromarestaurante.es<\/a><\/h5>\n<p>[\/et_pb_text][et_pb_social_media_follow _builder_version=&#8221;4.24.2&#8243; _module_preset=&#8221;default&#8221; text_orientation=&#8221;right&#8221; text_orientation_tablet=&#8221;center&#8221; text_orientation_phone=&#8221;center&#8221; text_orientation_last_edited=&#8221;on|tablet&#8221; global_colors_info=&#8221;{}&#8221;][et_pb_social_media_follow_network social_network=&#8221;facebook&#8221; url=&#8221;https:\/\/www.facebook.com\/restaurantaromafuengirola&#8221; _builder_version=&#8221;4.24.2&#8243; _module_preset=&#8221;default&#8221; global_colors_info=&#8221;{}&#8221; follow_button=&#8221;off&#8221; url_new_window=&#8221;on&#8221;]facebook[\/et_pb_social_media_follow_network][et_pb_social_media_follow_network social_network=&#8221;instagram&#8221; url=&#8221;https:\/\/www.instagram.com\/aroma_restaurant_fuengirola\/&#8221; _builder_version=&#8221;4.24.2&#8243; _module_preset=&#8221;default&#8221; global_colors_info=&#8221;{}&#8221; follow_button=&#8221;off&#8221; url_new_window=&#8221;on&#8221;]instagram[\/et_pb_social_media_follow_network][\/et_pb_social_media_follow][\/et_pb_column][\/et_pb_row][\/et_pb_section]<\/p>\n","protected":false},"excerpt":{"rendered":"<p>Om osIveta og Erik er en international familie, der er flyttet til Spanien efter tre \u00e5rtier i Stockholm. Vi er en husholdning, der gennemsyrer enhver kulinarisk kreation med k\u00e6rlighed.Erik, der kommer fra Indien, har en uddannelse i f\u00f8devareteknologi og har forfinet sine f\u00e6rdigheder i Sverige, hvor han mestrede kunsten at indk\u00f8be og h\u00e5ndtere f\u00f8rsteklasses ingredienser. [&hellip;]<\/p>\n","protected":false},"author":2,"featured_media":0,"parent":0,"menu_order":0,"comment_status":"closed","ping_status":"closed","template":"","meta":{"_et_pb_use_builder":"on","_et_pb_old_content":"","_et_gb_content_width":"","footnotes":""},"class_list":["post-508","page","type-page","status-publish","hentry"],"_links":{"self":[{"href":"https:\/\/www.aromarestaurante.es\/da\/wp-json\/wp\/v2\/pages\/508","targetHints":{"allow":["GET"]}}],"collection":[{"href":"https:\/\/www.aromarestaurante.es\/da\/wp-json\/wp\/v2\/pages"}],"about":[{"href":"https:\/\/www.aromarestaurante.es\/da\/wp-json\/wp\/v2\/types\/page"}],"author":[{"embeddable":true,"href":"https:\/\/www.aromarestaurante.es\/da\/wp-json\/wp\/v2\/users\/2"}],"replies":[{"embeddable":true,"href":"https:\/\/www.aromarestaurante.es\/da\/wp-json\/wp\/v2\/comments?post=508"}],"version-history":[{"count":3,"href":"https:\/\/www.aromarestaurante.es\/da\/wp-json\/wp\/v2\/pages\/508\/revisions"}],"predecessor-version":[{"id":658,"href":"https:\/\/www.aromarestaurante.es\/da\/wp-json\/wp\/v2\/pages\/508\/revisions\/658"}],"wp:attachment":[{"href":"https:\/\/www.aromarestaurante.es\/da\/wp-json\/wp\/v2\/media?parent=508"}],"curies":[{"name":"wp","href":"https:\/\/api.w.org\/{rel}","templated":true}]}}